{"id":2576,"date":"2022-03-30T08:22:51","date_gmt":"2022-03-30T08:22:51","guid":{"rendered":"http:\/\/xn--avient-gxa.com\/?page_id=2576"},"modified":"2025-04-13T15:24:30","modified_gmt":"2025-04-13T15:24:30","slug":"politica-de-privacidad","status":"publish","type":"page","link":"https:\/\/xn--avient-gxa.com\/eng\/politica-de-privacidad\/","title":{"rendered":"Pol\u00edtica de privacidad"},"content":{"rendered":"<div data-elementor-type=\"wp-page\" data-elementor-id=\"2576\" class=\"elementor elementor-2576\">\n\t\t\t\t\t\t<section class=\"elementor-section elementor-top-section elementor-element elementor-element-665d62a elementor-section-boxed elementor-section-height-default elementor-section-height-default\" data-id=\"665d62a\" data-element_type=\"section\" data-e-type=\"section\">\n\t\t\t\t\t\t<div class=\"elementor-container elementor-column-gap-default\">\n\t\t\t\t\t<div class=\"elementor-column elementor-col-100 elementor-top-column elementor-element elementor-element-38c1c2e1\" data-id=\"38c1c2e1\" data-element_type=\"column\" data-e-type=\"column\">\n\t\t\t<div class=\"elementor-widget-wrap elementor-element-populated\">\n\t\t\t\t\t\t<div class=\"elementor-element elementor-element-1d70d9bd elementor-widget elementor-widget-text-editor\" data-id=\"1d70d9bd\" data-element_type=\"widget\" data-e-type=\"widget\" data-widget_type=\"text-editor.default\">\n\t\t\t\t<div class=\"elementor-widget-container\">\n\t\t\t\t\t\t\t\t\t<h2>\u00a0<\/h2>\n<h2>Qui\u00e9nes somos<\/h2>\n<p><!-- \/wp:heading --><!-- wp:paragraph --><\/p>\n<p>La direcci\u00f3n de nuestra web es: http:\/\/avient\u00f3.com.<\/p>\n<p>somos los responsables del tratamiento de tus datos\u00a0 y\u00a0 puedes contactar con nosotros por email en info@avient\u00f3.com\u00a0 o\u00a0 reservas@avientours.com<\/p>\n<p>\u00a0<\/p>\n<h3><strong>Legislaci\u00f3n<\/strong><\/h3>\n<p>En cumplimiento del\u00a0<em><strong>Art\u00edculo 12 del Reglamento Europeo de Protecci\u00f3n de Datos<\/strong><\/em>, relativo a la transparencia de la informaci\u00f3n, comunicaci\u00f3n y modalidades de ejercicio de los derechos del interesado y del Art\u00edculo 13 relativo a la informaci\u00f3n que deber\u00e1 facilitarse cuando los datos personales se obtengan del interesado.<\/p>\n<p>\u00a0<\/p>\n<h3><strong>Finalidades del tratamiento<\/strong><\/h3>\n<p><!-- \/wp:paragraph --><!-- wp:heading --><\/p>\n<section class=\"elementor-section elementor-top-section elementor-element elementor-element-824d278 elementor-section-boxed elementor-section-height-default elementor-section-height-default\" data-id=\"824d278\" data-element_type=\"section\">\n<div class=\"elementor-container elementor-column-gap-default\">\n<div class=\"elementor-column elementor-col-100 elementor-top-column elementor-element elementor-element-f4cb5e6\" data-id=\"f4cb5e6\" data-element_type=\"column\">\n<div class=\"elementor-widget-wrap elementor-element-populated\">\n<div class=\"elementor-element elementor-element-759c058 link-blue elementor-widget elementor-widget-text-editor\" data-id=\"759c058\" data-element_type=\"widget\" data-widget_type=\"text-editor.default\">\n<div class=\"elementor-widget-container\">\n<p>-Atender tu solicitud cuando contactes con nosotros por medio del <a href=\"https:\/\/ifconsulting.es\/ifc\/contacto\/\">formulario de contacto<\/a>.<\/p>\n<p>-Gestionar tus datos personales facilitados al realizar <a href=\"https:\/\/ifconsulting.es\/tests\/\">nuestro test de nivel<\/a>.<\/p>\n<\/div>\n<\/div>\n<div class=\"elementor-element elementor-element-ba187f0 elementor-widget elementor-widget-text-editor\" data-id=\"ba187f0\" data-element_type=\"widget\" data-widget_type=\"text-editor.default\">\n<div class=\"elementor-widget-container\">\n<h3>\u00a0<\/h3>\n<h3><strong>Legitimizaci\u00f3n<\/strong><\/h3>\n<\/div>\n<\/div>\n<div class=\"elementor-element elementor-element-7d989ac elementor-widget elementor-widget-text-editor\" data-id=\"7d989ac\" data-element_type=\"widget\" data-widget_type=\"text-editor.default\">\n<div class=\"elementor-widget-container\">\n<p>Te informamos de que la base legal para el tratamiento de tus datos es la de poder atender tu solicitud de contacto y\/o tu solicitud de inscripci\u00f3n en nuestros cursos. Como interesado, das tu consentimiento al cubrir el formulario y enviarnos tus datos.<\/p>\n<p>\u00a0<\/p>\n<\/div>\n<\/div>\n<div class=\"elementor-element elementor-element-9f3a681 elementor-widget elementor-widget-text-editor\" data-id=\"9f3a681\" data-element_type=\"widget\" data-widget_type=\"text-editor.default\">\n<div class=\"elementor-widget-container\">\n<h3><strong>Conservaci\u00f3n de los datos<\/strong><\/h3>\n<\/div>\n<\/div>\n<div class=\"elementor-element elementor-element-a872003 elementor-widget elementor-widget-text-editor\" data-id=\"a872003\" data-element_type=\"widget\" data-widget_type=\"text-editor.default\">\n<div class=\"elementor-widget-container\">\n<p>Los datos proporcionados se conservar\u00e1n durante los plazos legalmente establecidos y\/o durante el tiempo necesario para resolver tus consultas.<\/p>\n<\/div>\n<\/div>\n<div class=\"elementor-element elementor-element-b28f6d9 elementor-widget elementor-widget-text-editor\" data-id=\"b28f6d9\" data-element_type=\"widget\" data-widget_type=\"text-editor.default\">\n<div class=\"elementor-widget-container\">\n<h3>\u00a0<\/h3>\n<h3><strong>Cesiones de datos<\/strong><\/h3>\n<\/div>\n<\/div>\n<div class=\"elementor-element elementor-element-cfaced8 elementor-widget elementor-widget-text-editor\" data-id=\"cfaced8\" data-element_type=\"widget\" data-widget_type=\"text-editor.default\">\n<div class=\"elementor-widget-container\">\n<p>Los datos no se ceder\u00e1n a terceros salvo en los casos en que exista una obligaci\u00f3n legal.<\/p>\n<p>\u00a0<\/p>\n<\/div>\n<\/div>\n<div class=\"elementor-element elementor-element-90ecab4 elementor-widget elementor-widget-text-editor\" data-id=\"90ecab4\" data-element_type=\"widget\" data-widget_type=\"text-editor.default\">\n<div class=\"elementor-widget-container\">\n<h3><strong>Derechos del interesado<\/strong><\/h3>\n<\/div>\n<\/div>\n<div class=\"elementor-element elementor-element-5143ec3 elementor-widget elementor-widget-text-editor\" data-id=\"5143ec3\" data-element_type=\"widget\" data-widget_type=\"text-editor.default\">\n<div class=\"elementor-widget-container\">\n<p>Tendr\u00e1s derecho a acceder a tus datos personales, as\u00ed como a solicitar la rectificaci\u00f3n de los datos inexactos o, en su caso, solicitar su supresi\u00f3n cuando, entre otros motivos, los datos ya no sean necesarios para los fines que fueron recogidos.<\/p>\n<p>Podr\u00e1s solicitar la limitaci\u00f3n u oposici\u00f3n del tratamiento de tus datos, en cuyo caso \u00fanicamente los conservaremos para cumplir con las obligaciones legalmente establecidas.<\/p>\n<\/div>\n<\/div>\n<div class=\"elementor-element elementor-element-c68ab46 elementor-widget elementor-widget-text-editor\" data-id=\"c68ab46\" data-element_type=\"widget\" data-widget_type=\"text-editor.default\">\n<div class=\"elementor-widget-container\">\n<p>Derecho a no ser objeto de decisiones individuales automatizadas, incluida la elaboraci\u00f3n de perfiles.<\/p>\n<\/div>\n<\/div>\n<div class=\"elementor-element elementor-element-f04d3f4 elementor-widget elementor-widget-text-editor\" data-id=\"f04d3f4\" data-element_type=\"widget\" data-widget_type=\"text-editor.default\">\n<div class=\"elementor-widget-container\">\n<p>No se realizan sobre el usuario decisiones individuales automatizadas ni se elaboran perfiles que produzcan efectos jur\u00eddicos o le afecten significativamente de modo similar.<\/p>\n<\/div>\n<\/div>\n<div class=\"elementor-element elementor-element-985d6d4 elementor-widget elementor-widget-text-editor\" data-id=\"985d6d4\" data-element_type=\"widget\" data-widget_type=\"text-editor.default\">\n<div class=\"elementor-widget-container\">\n<h3>\u00a0<\/h3>\n<h3><strong>D\u00f3nde ejercer los derechos<\/strong><\/h3>\n<\/div>\n<\/div>\n<div class=\"elementor-element elementor-element-be3db61 link-blue elementor-widget elementor-widget-text-editor\" data-id=\"be3db61\" data-element_type=\"widget\" data-widget_type=\"text-editor.default\">\n<div class=\"elementor-widget-container\">\n<p>Para el ejercicio de tus derechos, debes enviar un correo electr\u00f3nico a\u00a0<a href=\"mailto:administracion@ifconsulting.es\">info@avient\u00f3.com<\/a> indicando por escrito tu petici\u00f3n y acreditando su identidad<\/p>\n<\/div>\n<\/div>\n<div class=\"elementor-element elementor-element-ff92e58 elementor-widget elementor-widget-text-editor\" data-id=\"ff92e58\" data-element_type=\"widget\" data-widget_type=\"text-editor.default\">\n<div class=\"elementor-widget-container\">\n<h3>\u00a0<\/h3>\n<h3><strong>Medidas de seguridad<\/strong><\/h3>\n<\/div>\n<\/div>\n<div class=\"elementor-element elementor-element-5e5b00f elementor-widget elementor-widget-text-editor\" data-id=\"5e5b00f\" data-element_type=\"widget\" data-widget_type=\"text-editor.default\">\n<div class=\"elementor-widget-container\">\n<p>Teniendo en cuenta el estado de la t\u00e9cnica, los costes de aplicaci\u00f3n, y la naturaleza, el alcance, el contexto y los fines del tratamiento, as\u00ed como riesgos de probabilidad y gravedad variables para los derechos y libertades de las personas f\u00edsicas,\u00a0<\/p>\n<p><em><strong>AVient\u00f3\u00a0<\/strong><\/em> aplica las medidas t\u00e9cnicas y organizativas apropiadas para garantizar un nivel de seguridad adecuado al riesgo.<\/p>\n<\/div>\n<\/div>\n<div class=\"elementor-element elementor-element-6994306 elementor-widget elementor-widget-text-editor\" data-id=\"6994306\" data-element_type=\"widget\" data-widget_type=\"text-editor.default\">\n<div class=\"elementor-widget-container\">\n<h3>\u00a0<\/h3>\n<h3><strong>Tratamiento basado en el consentimiento del afectado<\/strong><\/h3>\n<p>\u00a0<\/p>\n<\/div>\n<\/div>\n<div class=\"elementor-element elementor-element-e2b2356 link-blue elementor-widget elementor-widget-text-editor\" data-id=\"e2b2356\" data-element_type=\"widget\" data-widget_type=\"text-editor.default\">\n<div class=\"elementor-widget-container\">\n<p>A trav\u00e9s de esta p\u00e1gina web no se recoge ning\u00fan dato personal sin tu consentimiento.<\/p>\n<\/div>\n<\/div>\n<div class=\"elementor-element elementor-element-469ff70 elementor-widget elementor-widget-text-editor\" data-id=\"469ff70\" data-element_type=\"widget\" data-widget_type=\"text-editor.default\">\n<div class=\"elementor-widget-container\">\n<h3>\u00a0<\/h3>\n<h3><strong>Deber de confidencialidad<\/strong><\/h3>\n<\/div>\n<\/div>\n<div class=\"elementor-element elementor-element-c892f67 elementor-widget elementor-widget-text-editor\" data-id=\"c892f67\" data-element_type=\"widget\" data-widget_type=\"text-editor.default\">\n<div class=\"elementor-widget-container\">\n<p>De conformidad con el art\u00edculo<em><strong>\u00a05.1 f) del Reglamento (UE) 2016\/679<\/strong><\/em>,\u00a0 AVient\u00f3 se compromete a tratar de forma absolutamente confidencial tus datos de car\u00e1cter personal y a utilizarlos solo para las finalidades indicadas.<\/p>\n<p>\u00a0<\/p>\n<\/div>\n<\/div>\n<div class=\"elementor-element elementor-element-eb4e54b elementor-widget elementor-widget-text-editor\" data-id=\"eb4e54b\" data-element_type=\"widget\" data-widget_type=\"text-editor.default\">\n<div class=\"elementor-widget-container\">\n<h3><strong>Inexactitud de los datos obtenidos directamente del afectado<\/strong><\/h3>\n<\/div>\n<\/div>\n<div class=\"elementor-element elementor-element-b8bcd9f elementor-widget elementor-widget-text-editor\" data-id=\"b8bcd9f\" data-element_type=\"widget\" data-widget_type=\"text-editor.default\">\n<div class=\"elementor-widget-container\">\n<p>A los efectos previstos en el art\u00edculo 5.1 d) del Reglamento (UE) 2016\/679, no ser\u00e1n imputables al responsable del tratamiento los datos personales que sean inexactos con respecto a los fines para los que se tratan, si no has ejercitado tu derecho de rectificaci\u00f3n.<\/p>\n<\/div>\n<p>\u00a0<\/p>\n<\/div>\n<div class=\"elementor-element elementor-element-28d8b06 elementor-widget elementor-widget-text-editor\" data-id=\"28d8b06\" data-element_type=\"widget\" data-widget_type=\"text-editor.default\">\n<div class=\"elementor-widget-container\">\n<h3><strong>Derecho a reclamar<\/strong><\/h3>\n<\/div>\n<\/div>\n<div class=\"elementor-element elementor-element-775b90b elementor-widget elementor-widget-text-editor\" data-id=\"775b90b\" data-element_type=\"widget\" data-widget_type=\"text-editor.default\">\n<div class=\"elementor-widget-container\">\n<p>En el caso de que no est\u00e9s conforme con el tratamiento de tus datos podr\u00e1s dirigir tus reclamaciones ante las\u00a0<em>Autoridades de protecci\u00f3n de datos<\/em>.<\/p>\n<\/div>\n<\/div>\n<\/div>\n<\/div>\n<\/div>\n<\/section>\n<h2>\u00a0<\/h2>\n<p>\u00a0<\/p>\n<p><!-- \/wp:paragraph --><\/p>\t\t\t\t\t\t\t\t<\/div>\n\t\t\t\t<\/div>\n\t\t\t\t\t<\/div>\n\t\t<\/div>\n\t\t\t\t\t<\/div>\n\t\t<\/section>\n\t\t\t\t<\/div>","protected":false},"excerpt":{"rendered":"<p>\u00a0 Qui\u00e9nes somos La direcci\u00f3n de nuestra web es: http:\/\/avient\u00f3.com. somos los responsables del tratamiento de tus datos\u00a0 y\u00a0 puedes contactar con nosotros por email en info@avient\u00f3.com\u00a0 o\u00a0 reservas@avientours.com \u00a0 Legislaci\u00f3n En cumplimiento del\u00a0Art\u00edculo 12 del Reglamento Europeo de Protecci\u00f3n de Datos, relativo a la transparencia de la informaci\u00f3n, comunicaci\u00f3n y modalidades de ejercicio de [&hellip;]<\/p>\n","protected":false},"author":1,"featured_media":0,"parent":0,"menu_order":0,"comment_status":"closed","ping_status":"closed","template":"","meta":{"om_disable_all_campaigns":false,"_monsterinsights_skip_tracking":false,"_monsterinsights_sitenote_active":false,"_monsterinsights_sitenote_note":"","_monsterinsights_sitenote_category":0,"ocean_post_layout":"","ocean_both_sidebars_style":"","ocean_both_sidebars_content_width":0,"ocean_both_sidebars_sidebars_width":0,"ocean_sidebar":"","ocean_second_sidebar":"","ocean_disable_margins":"enable","ocean_add_body_class":"","ocean_shortcode_before_top_bar":"","ocean_shortcode_after_top_bar":"","ocean_shortcode_before_header":"","ocean_shortcode_after_header":"","ocean_has_shortcode":"","ocean_shortcode_after_title":"","ocean_shortcode_before_footer_widgets":"","ocean_shortcode_after_footer_widgets":"","ocean_shortcode_before_footer_bottom":"","ocean_shortcode_after_footer_bottom":"","ocean_display_top_bar":"default","ocean_display_header":"default","ocean_header_style":"","ocean_center_header_left_menu":"","ocean_custom_header_template":"","ocean_custom_logo":0,"ocean_custom_retina_logo":0,"ocean_custom_logo_max_width":0,"ocean_custom_logo_tablet_max_width":0,"ocean_custom_logo_mobile_max_width":0,"ocean_custom_logo_max_height":0,"ocean_custom_logo_tablet_max_height":0,"ocean_custom_logo_mobile_max_height":0,"ocean_header_custom_menu":"","ocean_menu_typo_font_family":"","ocean_menu_typo_font_subset":"","ocean_menu_typo_font_size":0,"ocean_menu_typo_font_size_tablet":0,"ocean_menu_typo_font_size_mobile":0,"ocean_menu_typo_font_size_unit":"px","ocean_menu_typo_font_weight":"","ocean_menu_typo_font_weight_tablet":"","ocean_menu_typo_font_weight_mobile":"","ocean_menu_typo_transform":"","ocean_menu_typo_transform_tablet":"","ocean_menu_typo_transform_mobile":"","ocean_menu_typo_line_height":0,"ocean_menu_typo_line_height_tablet":0,"ocean_menu_typo_line_height_mobile":0,"ocean_menu_typo_line_height_unit":"","ocean_menu_typo_spacing":0,"ocean_menu_typo_spacing_tablet":0,"ocean_menu_typo_spacing_mobile":0,"ocean_menu_typo_spacing_unit":"","ocean_menu_link_color":"","ocean_menu_link_color_hover":"","ocean_menu_link_color_active":"","ocean_menu_link_background":"","ocean_menu_link_hover_background":"","ocean_menu_link_active_background":"","ocean_menu_social_links_bg":"","ocean_menu_social_hover_links_bg":"","ocean_menu_social_links_color":"","ocean_menu_social_hover_links_color":"","ocean_disable_title":"default","ocean_disable_heading":"default","ocean_post_title":"","ocean_post_subheading":"","ocean_post_title_style":"","ocean_post_title_background_color":"","ocean_post_title_background":0,"ocean_post_title_bg_image_position":"","ocean_post_title_bg_image_attachment":"","ocean_post_title_bg_image_repeat":"","ocean_post_title_bg_image_size":"","ocean_post_title_height":0,"ocean_post_title_bg_overlay":0.5,"ocean_post_title_bg_overlay_color":"","ocean_disable_breadcrumbs":"default","ocean_breadcrumbs_color":"","ocean_breadcrumbs_separator_color":"","ocean_breadcrumbs_links_color":"","ocean_breadcrumbs_links_hover_color":"","ocean_display_footer_widgets":"default","ocean_display_footer_bottom":"default","ocean_custom_footer_template":"","footnotes":""},"class_list":["post-2576","page","type-page","status-publish","hentry","entry"],"aioseo_notices":[],"_links":{"self":[{"href":"https:\/\/xn--avient-gxa.com\/eng\/wp-json\/wp\/v2\/pages\/2576","targetHints":{"allow":["GET"]}}],"collection":[{"href":"https:\/\/xn--avient-gxa.com\/eng\/wp-json\/wp\/v2\/pages"}],"about":[{"href":"https:\/\/xn--avient-gxa.com\/eng\/wp-json\/wp\/v2\/types\/page"}],"author":[{"embeddable":true,"href":"https:\/\/xn--avient-gxa.com\/eng\/wp-json\/wp\/v2\/users\/1"}],"replies":[{"embeddable":true,"href":"https:\/\/xn--avient-gxa.com\/eng\/wp-json\/wp\/v2\/comments?post=2576"}],"version-history":[{"count":18,"href":"https:\/\/xn--avient-gxa.com\/eng\/wp-json\/wp\/v2\/pages\/2576\/revisions"}],"predecessor-version":[{"id":4421,"href":"https:\/\/xn--avient-gxa.com\/eng\/wp-json\/wp\/v2\/pages\/2576\/revisions\/4421"}],"wp:attachment":[{"href":"https:\/\/xn--avient-gxa.com\/eng\/wp-json\/wp\/v2\/media?parent=2576"}],"curies":[{"name":"wp","href":"https:\/\/api.w.org\/{rel}","templated":true}]}}